{"id":566,"date":"2020-09-11T05:27:48","date_gmt":"2020-09-11T05:27:48","guid":{"rendered":"http:\/\/jesus-gonzalez.com\/?page_id=566"},"modified":"2020-09-11T05:27:48","modified_gmt":"2020-09-11T05:27:48","slug":"editorial-work","status":"publish","type":"page","link":"https:\/\/jesus-gonzalez.com\/?page_id=566","title":{"rendered":"Editorial Work"},"content":{"rendered":"\n<ul class=\"wp-block-list\"><li>MICAI-2010, Organization and Conference Committee. Carlos Alberto Reyes-Garc\u00eda, Grigori Sidorov, Arturo Hern\u00e1ndez-Aguirre, Gustavo Arroyo, Rafael Murrieta, Jesus A Gonzalez, Miguel Gonzalez, Oscar Herrera, Alejandro Pe\u00f1a, F\u00e9lix A Castro Espinoza, Joel Su\u00e1rez Cansino, Sofia N Galicia-Haro, Mario Koeppen, Carlos A Reyes-Garc\u00eda, Raul Monroy, Alexander Gelbukh, Efr\u00e9n Mezura-Montes, Guillermo Leguizam\u00f3n, Alonso Ram\u00edrez-Manzanares, Oscar Castillo, Olac Fuentes, Gildardo S\u00e1nchez. 2010.<\/li><li>MICAI-2007: Advances in Artificial Intelligence. A. Gelbukh, AK Morales, Springer-Verlag, Berlin, 2007.<\/li><\/ul>\n","protected":false},"excerpt":{"rendered":"<p>MICAI-2010, Organization and Conference Committee. Carlos Alberto Reyes-Garc\u00eda, Grigori Sidorov, Arturo Hern\u00e1ndez-Aguirre, Gustavo Arroyo, Rafael Murrieta, Jesus A Gonzalez, Miguel &hellip; <\/p>\n","protected":false},"author":1,"featured_media":0,"parent":0,"menu_order":0,"comment_status":"closed","ping_status":"closed","template":"","meta":{"_uag_custom_page_level_css":"","footnotes":""},"class_list":["post-566","page","type-page","status-publish","hentry"],"uagb_featured_image_src":{"full":false,"thumbnail":false,"medium":false,"medium_large":false,"large":false,"1536x1536":false,"2048x2048":false,"ultp_layout_landscape_large":false,"ultp_layout_landscape":false,"ultp_layout_portrait":false,"ultp_layout_square":false,"education-zone-banner":false,"education-zone-image-full":false,"education-zone-image":false,"education-zone-recent-post":false,"education-zone-search-result":false,"education-zone-featured-course":false,"education-zone-testimonial":false,"education-zone-blog-full":false},"uagb_author_info":{"display_name":"JAGB","author_link":"https:\/\/jesus-gonzalez.com\/?author=1"},"uagb_comment_info":0,"uagb_excerpt":"MICAI-2010, Organization and Conference Committee. Carlos Alberto Reyes-Garc\u00eda, Grigori Sidorov, Arturo Hern\u00e1ndez-Aguirre, Gustavo Arroyo, Rafael Murrieta, Jesus A Gonzalez, Miguel &hellip;","_links":{"self":[{"href":"https:\/\/jesus-gonzalez.com\/index.php?rest_route=\/wp\/v2\/pages\/566"}],"collection":[{"href":"https:\/\/jesus-gonzalez.com\/index.php?rest_route=\/wp\/v2\/pages"}],"about":[{"href":"https:\/\/jesus-gonzalez.com\/index.php?rest_route=\/wp\/v2\/types\/page"}],"author":[{"embeddable":true,"href":"https:\/\/jesus-gonzalez.com\/index.php?rest_route=\/wp\/v2\/users\/1"}],"replies":[{"embeddable":true,"href":"https:\/\/jesus-gonzalez.com\/index.php?rest_route=%2Fwp%2Fv2%2Fcomments&post=566"}],"version-history":[{"count":1,"href":"https:\/\/jesus-gonzalez.com\/index.php?rest_route=\/wp\/v2\/pages\/566\/revisions"}],"predecessor-version":[{"id":567,"href":"https:\/\/jesus-gonzalez.com\/index.php?rest_route=\/wp\/v2\/pages\/566\/revisions\/567"}],"wp:attachment":[{"href":"https:\/\/jesus-gonzalez.com\/index.php?rest_route=%2Fwp%2Fv2%2Fmedia&parent=566"}],"curies":[{"name":"wp","href":"https:\/\/api.w.org\/{rel}","templated":true}]}}