{"id":560,"date":"2020-09-11T05:26:41","date_gmt":"2020-09-11T05:26:41","guid":{"rendered":"http:\/\/jesus-gonzalez.com\/?page_id=560"},"modified":"2020-09-11T05:26:41","modified_gmt":"2020-09-11T05:26:41","slug":"gis-and-remote-sensing","status":"publish","type":"page","link":"https:\/\/jesus-gonzalez.com\/?page_id=560","title":{"rendered":"GIS and Remote Sensing"},"content":{"rendered":"\n<ul class=\"wp-block-list\"><li>Data-foraging-oriented Reconnaissance based on Bio-Inspired Indirect Communication for Aereal Vehicles. Josu\u00e9 Casta\u00f1eda Cisneros, Saul E Pomares Hernandez, Jose Roberto Perez Cruz, Lil Mar\u00eda Rodr\u00edguez-Henr\u00edquez, Jesus A Gonzalez Bernal, Applied Sciences, 2017.<\/li><li>Transition Regions Detection from Satellite Images based on Evolutionary Region Growing Segmentation. J Morales, Jesus A Gonzalez, CA Reyes-Garcia, L Altamirano. Intelligent Data Analysis, 2014, 18 (2), 305 \u2013 316.<\/li><li>Geographic Intormation Systems and Geomatics. Jesus A Gonzalez. Handbook of Satellite Applications, 2013, pp. 935 \u2013 954.<\/li><li>A Soft Computing Approach for Obtaining Transition Regions in Satellite Images. Jorge Morales, Jesus A. Gonzalez, Carlos Reyes-Garcia, Leopoldo Altamirano. International Conference on Intelligent Computing, pp. 150-157, 2010.<\/li><li>Graph-based Knowledge Representation for GIS Data. M Pech-Palacio, D. Sol, Jesus A. Gonzalez. Proceedings of the Fourth Mexican International Conference on Computer Science \u2013 ENC, 2003, pp. 117 \u2013 124.<\/li><li>Adaptation and Use of Spatial and Non-Spatial Data Mining. M Pech-Palacio, D Sol-Martinez, Jesus A Gonzalez. Proceedings of the International Workshop on Semantic Processing of Spatial Data \u2013 GEOPRO, 2002.<\/li><li>Structural Knowledge Discovery Used to Analyze Earthquake Activity. Jesus A. Gonzalez, Lawrence B. Holder, Diane J. Cook. FLAIRS Conference 2000, pp. 86 \u2013 90.<\/li><\/ul>\n","protected":false},"excerpt":{"rendered":"<p>Data-foraging-oriented Reconnaissance based on Bio-Inspired Indirect Communication for Aereal Vehicles. Josu\u00e9 Casta\u00f1eda Cisneros, Saul E Pomares Hernandez, Jose Roberto Perez &hellip; <\/p>\n","protected":false},"author":1,"featured_media":0,"parent":0,"menu_order":0,"comment_status":"closed","ping_status":"closed","template":"","meta":{"_uag_custom_page_level_css":"","footnotes":""},"class_list":["post-560","page","type-page","status-publish","hentry"],"uagb_featured_image_src":{"full":false,"thumbnail":false,"medium":false,"medium_large":false,"large":false,"1536x1536":false,"2048x2048":false,"ultp_layout_landscape_large":false,"ultp_layout_landscape":false,"ultp_layout_portrait":false,"ultp_layout_square":false,"education-zone-banner":false,"education-zone-image-full":false,"education-zone-image":false,"education-zone-recent-post":false,"education-zone-search-result":false,"education-zone-featured-course":false,"education-zone-testimonial":false,"education-zone-blog-full":false},"uagb_author_info":{"display_name":"JAGB","author_link":"https:\/\/jesus-gonzalez.com\/?author=1"},"uagb_comment_info":0,"uagb_excerpt":"Data-foraging-oriented Reconnaissance based on Bio-Inspired Indirect Communication for Aereal Vehicles. Josu\u00e9 Casta\u00f1eda Cisneros, Saul E Pomares Hernandez, Jose Roberto Perez &hellip;","_links":{"self":[{"href":"https:\/\/jesus-gonzalez.com\/index.php?rest_route=\/wp\/v2\/pages\/560"}],"collection":[{"href":"https:\/\/jesus-gonzalez.com\/index.php?rest_route=\/wp\/v2\/pages"}],"about":[{"href":"https:\/\/jesus-gonzalez.com\/index.php?rest_route=\/wp\/v2\/types\/page"}],"author":[{"embeddable":true,"href":"https:\/\/jesus-gonzalez.com\/index.php?rest_route=\/wp\/v2\/users\/1"}],"replies":[{"embeddable":true,"href":"https:\/\/jesus-gonzalez.com\/index.php?rest_route=%2Fwp%2Fv2%2Fcomments&post=560"}],"version-history":[{"count":1,"href":"https:\/\/jesus-gonzalez.com\/index.php?rest_route=\/wp\/v2\/pages\/560\/revisions"}],"predecessor-version":[{"id":561,"href":"https:\/\/jesus-gonzalez.com\/index.php?rest_route=\/wp\/v2\/pages\/560\/revisions\/561"}],"wp:attachment":[{"href":"https:\/\/jesus-gonzalez.com\/index.php?rest_route=%2Fwp%2Fv2%2Fmedia&parent=560"}],"curies":[{"name":"wp","href":"https:\/\/api.w.org\/{rel}","templated":true}]}}