{"id":556,"date":"2020-09-11T05:25:34","date_gmt":"2020-09-11T05:25:34","guid":{"rendered":"http:\/\/jesus-gonzalez.com\/?page_id=556"},"modified":"2020-09-11T05:25:34","modified_gmt":"2020-09-11T05:25:34","slug":"medical-and-other-ml-applications","status":"publish","type":"page","link":"https:\/\/jesus-gonzalez.com\/?page_id=556","title":{"rendered":"Medical and other ML Applications"},"content":{"rendered":"\n<ul class=\"wp-block-list\"><li>A Quantitative Index for Classification of Plantar Thermal Changes in the Diabetic Foot. D Hernandez-Contreras, H Peregrina-Barreto, J Rangel-Magdaleno, Jesus A. Gonzalez-Bernal, Leopoldo Altamirano. Infrared Physics &amp; Technology, 2017, (81), pp. 242 \u2013 249.<\/li><li>Data-Foraging-Oriented Reconnaissance Based on Bio-Inspired Indirect Communication for Aerial Vehicles. J Castaneda-Cisneros, SE Pomares-Hernandez, JR Perez-Cruz, Lil M Rodriguez-Henriquez, Jesus A Gonzalez-Bernal. Applied Sciences, 2017, 7-7.<\/li><li>A Cloud Scalable Platform for DICOM Image Analysis as a Tool for Remote Medical Support. I Ojog, M Arias-Estrada, Jesus A Gonzalez, Beatriz Flores. Fifth International Conference on eHealth, Telemedicine, and Social Medicine, 2013.<\/li><li>A Medical Support Diagnosis Tool for Morphological acute Leukemia Identification. Ivan Olmos, Jesus A. Gonzalez, Leopoldo Altamirano, Jose A. Encarnacion, Ruben Lobato. Leukemia Research, S61-S62, 2013.<\/li><li>Mobile Personal Health System for Ambulatory Blood Pressure Monitoring. LJ Mena, VG Felix, R Ostos, JA Gonzalez, A Cervantes, A Ochoa, C Ruiz. 2013, Computational and Mathematical Methods in Medicine.<\/li><li>Contrasting Temporal Bayesian Network Models for Analyzing HIV Mutations. Pablo Hernandez-Leal, Lindsey Fiedler-Cameras, Alma Rios-Flores, Jes\u00fas A Gonz\u00e1lez, L Enrique Sucar. Bayesian Modeling Applications Workshop, 2012.<\/li><li>Infant Cry Classification Using Genetic Selection of a Fuzzy Model. A Rosales-Perez, CA Reyes-Garcia, Jesus A Gonzalez, E Arch-Tirado. Iberoamerican Congress of Pattern Recognition, 2012, pp. 212 \u2013 219.<\/li><li>Unveiling HIV Mutational Networks Associated to Pharmacological Selective Pressure: A Temporal Bayesian Approach.Pablo Hernandez-Leal, Alma Rios-Flores, Santiago \u00c1vila-Rios, Gustavo Reyes-Ter\u00e1n, Jesus A Gonz\u00e1lez, Felipe Orihuela-Espina, Eduardo F Morales, L Enrique Sucar. Probabilistic Problem Solving in BioMedicine, 41, 2011.<\/li><li>Learning Temporal Bayesian Networks for Power Plant Diagnosis. P Hernandez-Leal, LE Sucar, Jesus A Gonzalez, EF Morales, Pablo H Ibarguengoytia. International Conference on Industrial, Engineering and other Applications of Applied Intelligent Systems, 2011, pp. 39 \u2013 48.<\/li><li>Extracting New Patterns for Cardiovascular Disease Prognosis. Luis Mena, Jesus A Gonzalez, Gladys Maestre. Expert Systems 2009, 26 (5), 364 \u2013 377.<\/li><\/ul>\n","protected":false},"excerpt":{"rendered":"<p>A Quantitative Index for Classification of Plantar Thermal Changes in the Diabetic Foot. D Hernandez-Contreras, H Peregrina-Barreto, J Rangel-Magdaleno, Jesus &hellip; <\/p>\n","protected":false},"author":1,"featured_media":0,"parent":0,"menu_order":0,"comment_status":"closed","ping_status":"closed","template":"","meta":{"_uag_custom_page_level_css":"","footnotes":""},"class_list":["post-556","page","type-page","status-publish","hentry"],"uagb_featured_image_src":{"full":false,"thumbnail":false,"medium":false,"medium_large":false,"large":false,"1536x1536":false,"2048x2048":false,"ultp_layout_landscape_large":false,"ultp_layout_landscape":false,"ultp_layout_portrait":false,"ultp_layout_square":false,"education-zone-banner":false,"education-zone-image-full":false,"education-zone-image":false,"education-zone-recent-post":false,"education-zone-search-result":false,"education-zone-featured-course":false,"education-zone-testimonial":false,"education-zone-blog-full":false},"uagb_author_info":{"display_name":"JAGB","author_link":"https:\/\/jesus-gonzalez.com\/?author=1"},"uagb_comment_info":0,"uagb_excerpt":"A Quantitative Index for Classification of Plantar Thermal Changes in the Diabetic Foot. D Hernandez-Contreras, H Peregrina-Barreto, J Rangel-Magdaleno, Jesus &hellip;","_links":{"self":[{"href":"https:\/\/jesus-gonzalez.com\/index.php?rest_route=\/wp\/v2\/pages\/556"}],"collection":[{"href":"https:\/\/jesus-gonzalez.com\/index.php?rest_route=\/wp\/v2\/pages"}],"about":[{"href":"https:\/\/jesus-gonzalez.com\/index.php?rest_route=\/wp\/v2\/types\/page"}],"author":[{"embeddable":true,"href":"https:\/\/jesus-gonzalez.com\/index.php?rest_route=\/wp\/v2\/users\/1"}],"replies":[{"embeddable":true,"href":"https:\/\/jesus-gonzalez.com\/index.php?rest_route=%2Fwp%2Fv2%2Fcomments&post=556"}],"version-history":[{"count":1,"href":"https:\/\/jesus-gonzalez.com\/index.php?rest_route=\/wp\/v2\/pages\/556\/revisions"}],"predecessor-version":[{"id":557,"href":"https:\/\/jesus-gonzalez.com\/index.php?rest_route=\/wp\/v2\/pages\/556\/revisions\/557"}],"wp:attachment":[{"href":"https:\/\/jesus-gonzalez.com\/index.php?rest_route=%2Fwp%2Fv2%2Fmedia&parent=556"}],"curies":[{"name":"wp","href":"https:\/\/api.w.org\/{rel}","templated":true}]}}